{"id":226,"date":"2016-02-16T16:03:19","date_gmt":"2016-02-16T16:03:19","guid":{"rendered":"http:\/\/demo.athemes.com\/astrid\/?page_id=226"},"modified":"2017-06-20T19:22:15","modified_gmt":"2017-06-20T19:22:15","slug":"parimisasjad","status":"publish","type":"page","link":"https:\/\/notarsild.ee\/gb\/parimisasjad\/","title":{"rendered":"P\u00e4rimisasjad"},"content":{"rendered":"<p>P\u00e4rimis\u00f5igus reguleerib isiku vara saatust p\u00e4rast tema surma. Vara on v\u00f5imalik p\u00e4rida nii seaduse alusel kui testamendi v\u00f5i p\u00e4rimislepingu alusel.<\/p>\n<p>P\u00e4rimis\u00f5iguse valdkonnas t\u00f5estab notar testamente ja p\u00e4rimislepinguid ning samuti on notari p\u00e4devuses isiku surma j\u00e4rgselt p\u00e4rimismenetluse l\u00e4biviimine ning p\u00e4rijate vahelise p\u00e4randvara jagamise kokkulepete t\u00f5estamine.<\/p>\n<p>Testament v\u00f5ib olla notariaalne v\u00f5i kodune. Notariaalne testament v\u00f5ib olla notariaalselt t\u00f5estatud v\u00f5i notari hoiule antud testament. Kodune testament v\u00f5ib olla tunnistajate juuresolekul alla kirjutatud v\u00f5i omak\u00e4eliselt kirjutatud testament.<\/p>\n<p>Notariaalne testament kehtib seni, kuni seda ei muudeta ega t\u00fchistata. Kodune testament aga kaotab kehtivuse, kui selle tegemise p\u00e4evast on m\u00f6\u00f6dunud kuus kuud ja testaator sel ajal elab. Notariaalselt t\u00f5estatud testamendi eeliseks on selle koostamine \u00f5igusteadmistega isiku (notari) poolt, kelle kohustuseks on \u00fchtlasi v\u00e4lja selgitada isiku tegelik tahe ning selle kaudu v\u00e4ltida hilisemaid testamendi t\u00f5lgendamisest tekkida v\u00f5ivaid vaidluseid p\u00e4rijate vahel.<\/p>\n<p>Testament tuleks vormistada siis, kui soovitakse p\u00e4rimist reguleerida teisiti kui toimuks seadusej\u00e4rgse p\u00e4rimise puhul, samuti juhul kui soovitakse m\u00f5nele konkreetsele isikule (ka seadusj\u00e4rgsele p\u00e4rijale) m\u00e4\u00e4rata mingi kindel ese (asi, \u00f5igus v\u00f5i muu h\u00fcve).<\/p>\n<p>Kui p\u00e4randaja ei ole j\u00e4tnud kehtivat testamenti v\u00f5i p\u00e4rimislepingut, siis p\u00e4ritakse seaduse j\u00e4rgi. Seadusj\u00e4rgsed p\u00e4rijad on p\u00e4randaja abikaasa ja sugulased. Sugulased p\u00e4rivad kolmes j\u00e4rjekorras:<\/p>\n<ul>\n<li>Esimese j\u00e4rjekorra seadusj\u00e4rgsed p\u00e4rijad on p\u00e4randaja alanejad sugulased (lapsed). Enne p\u00e4randaja surma surnud alaneja sugulase (lapse) asemele astuvad surnud lapse lapsed, kes p\u00e4rivad v\u00f5rdsetes osades selle osa p\u00e4randist, millele olnuks \u00f5igus nende surnud vanemal.<\/li>\n<li>Teise j\u00e4rjekorra seadusj\u00e4rgsed p\u00e4rijad on p\u00e4randaja vanemad ja nende alanejad sugulased (s.t \u00f5ed ja vennad). Kui p\u00e4randi avanemise ajal p\u00e4randaja isa v\u00f5i ema ei ole elus, astuvad surnud vanema asemele tema alanejad sugulased. Kui surnud vanemal alanejaid sugulasi ei ole, p\u00e4rib kogu p\u00e4randi p\u00e4randaja teine vanem.<\/li>\n<li>Kolmanda j\u00e4rjekorra seadusj\u00e4rgsed p\u00e4rijad on p\u00e4randaja vanavanemad ja nende alanejad sugulased.<\/li>\n<\/ul>\n<p>Teise j\u00e4rjekorra p\u00e4rijad p\u00e4rivad, kui esimese j\u00e4rjekorra p\u00e4rijaid ei ole ning kolmanda j\u00e4rjekorra p\u00e4rijad p\u00e4rivad, kui esimese ja teise j\u00e4rjekorra p\u00e4rijaid ei ole. Koos p\u00e4randaja sugulastega p\u00e4rib p\u00e4randaja \u00fcleelanud abikaasa seaduse j\u00e4rgi.\u00a0 Kui ei ole sugulasi esimesest ega teisest j\u00e4rjekorrast, p\u00e4rib p\u00e4randaja abikaasa kogu p\u00e4randi.<\/p>\n<p>P\u00e4rimisleping on p\u00e4randaja ja teise isiku kokkulepe, millega p\u00e4randaja nimetab teise lepingupoole v\u00f5i muu isiku oma p\u00e4rijaks v\u00f5i m\u00e4\u00e4rab talle annaku, sihtk\u00e4sundi v\u00f5i sihtm\u00e4\u00e4rangu, samuti kokkulepe p\u00e4randaja ja tema seadusj\u00e4rgse p\u00e4rija vahel, millega viimane loobub p\u00e4rimisest. P\u00e4rimislepinguga on v\u00f5imalik lisaks p\u00e4rijaks m\u00e4\u00e4ramisele panna p\u00e4rijale ka kohustusi p\u00e4randaja suhtes. P\u00e4rimislepingut ei saa p\u00e4randaja iseseisvalt aga \u00fchepoolselt enam muuta ning seet\u00f5ttu on see v\u00e4ga siduv korraldus oma surma puhuks. P\u00e4rimisleping peab olema notariaalselt t\u00f5estatud.<\/p>\n<p>Notar on ka p\u00e4rimismenetluse l\u00e4biviija. Seega p\u00e4rast p\u00e4randaja surma peavad p\u00e4rijad esitama notariaalselt t\u00f5estatud avalduse p\u00e4rimisasja algatamiseks ning p\u00e4rast t\u00e4htaja m\u00f6\u00f6dumist, mis oli m\u00e4\u00e4ratud teistele v\u00f5imalikele p\u00e4rijatele p\u00e4randi vastuv\u00f5tmiseks v\u00f5i sellest loobumiseks, v\u00e4ljastab notar p\u00e4rimis\u00f5iguse tunnistuse.<\/p>\n<p>Alates 01.01.2009 kehtib Eesti p\u00e4rimis\u00f5iguses nn loobumiss\u00fcsteem st, et seadusj\u00e4rgne p\u00e4rija, kes ei soovi p\u00e4rida, peab tegema kolme kuu jooksul peale p\u00e4randaja surma ja oma p\u00e4rimis\u00f5igusest teada saamist p\u00e4randist loobumiseks notariaalselt t\u00f5estatud avalduse. Ilma\u00a0 t\u00e4htaegselt esitamata loobumisavalduseta loetakse, et isik on p\u00e4randi vastuv\u00f5tnud. P\u00e4randi vastuv\u00f5tmisega l\u00e4hevad p\u00e4rijale \u00fcle k\u00f5ik p\u00e4randaja \u00f5igused ja kohustused, v\u00e4lja arvatud need, mis oma olemuselt on lahutamatult seotud p\u00e4randaja isikuga v\u00f5i mis seadusest tulenevalt ei saa \u00fchelt isikult teisele \u00fcle minna.<\/p>\n<p>Enne 01.01.2009.a kehtis Eesti p\u00e4rimis\u00f5iguses nn vastuv\u00f5tus\u00fcsteem (v.a \u00fcks l\u00fchike periood 20 saj. esimeses pooles). 15.05.1996 vastuv\u00f5etud p\u00e4rimisseaduse kohaselt, mis kehtis kuni 31.12.2008.a, tuli p\u00e4rijal, kes soovis p\u00e4rida, teha notariaalne avaldus p\u00e4randi vastuv\u00f5tmiseks.<\/p>\n<p>Selleks, et notaril oleks \u00f5igus konkreetne p\u00e4rimismenetlus l\u00e4bi viia ning p\u00e4rimisasi lahendada, tuleb puudutatud isikul teha notariaalselt t\u00f5estatud avaldus p\u00e4rimisasja algatamiseks. Vastava avalduse v\u00f5ib teha p\u00e4rija, p\u00e4randaja v\u00f5lausaldaja, annakusaaja v\u00f5i muu p\u00e4randvara suhtes \u00f5igusi omav isik.<\/p>\n<p>Kui p\u00e4rija p\u00e4rimis\u00f5igus ja selle ulatus on piisavalt t\u00f5endatud t\u00f5estab notar p\u00e4rimistunnistuse. P\u00e4rimismenetluse l\u00f5petamise j\u00e4rgselt on p\u00e4rijatel v\u00f5imalik s\u00f5lmida p\u00e4randvara jagamise kokkulepe, millega m\u00e4\u00e4ratakse igale p\u00e4rijale mingi kindel ese v\u00f5i m\u00f5tteline osa sellest ning v\u00f5imalikud h\u00fcvitised teistele p\u00e4rijatele neile kuulund osade eest.<\/p>\n","protected":false},"excerpt":{"rendered":"<p>P\u00e4rimis\u00f5igus reguleerib isiku vara saatust p\u00e4rast tema surma. Vara on v\u00f5imalik p\u00e4rida nii seaduse alusel kui testamendi v\u00f5i p\u00e4rimislepingu alusel. P\u00e4rimis\u00f5iguse valdkonnas t\u00f5estab notar testamente ja p\u00e4rimislepinguid ning samuti on notari p\u00e4devuses isiku surma j\u00e4rgselt p\u00e4rimismenetluse l\u00e4biviimine ning p\u00e4rijate vahelise [&hellip;]<\/p>\n","protected":false},"author":1,"featured_media":0,"parent":0,"menu_order":3,"comment_status":"closed","ping_status":"closed","template":"page-templates\/single-service.php","meta":{"footnotes":""},"class_list":["post-226","page","type-page","status-publish","hentry","clearfix"],"translation":{"provider":"WPGlobus","version":"3.0.2","language":"gb","enabled_languages":["ee","gb","ru"],"languages":{"ee":{"title":true,"content":true,"excerpt":false},"gb":{"title":false,"content":false,"excerpt":false},"ru":{"title":false,"content":false,"excerpt":false}}},"_links":{"self":[{"href":"https:\/\/notarsild.ee\/gb\/wp-json\/wp\/v2\/pages\/226","targetHints":{"allow":["GET"]}}],"collection":[{"href":"https:\/\/notarsild.ee\/gb\/wp-json\/wp\/v2\/pages"}],"about":[{"href":"https:\/\/notarsild.ee\/gb\/wp-json\/wp\/v2\/types\/page"}],"author":[{"embeddable":true,"href":"https:\/\/notarsild.ee\/gb\/wp-json\/wp\/v2\/users\/1"}],"replies":[{"embeddable":true,"href":"https:\/\/notarsild.ee\/gb\/wp-json\/wp\/v2\/comments?post=226"}],"version-history":[{"count":3,"href":"https:\/\/notarsild.ee\/gb\/wp-json\/wp\/v2\/pages\/226\/revisions"}],"predecessor-version":[{"id":574,"href":"https:\/\/notarsild.ee\/gb\/wp-json\/wp\/v2\/pages\/226\/revisions\/574"}],"wp:attachment":[{"href":"https:\/\/notarsild.ee\/gb\/wp-json\/wp\/v2\/media?parent=226"}],"curies":[{"name":"wp","href":"https:\/\/api.w.org\/{rel}","templated":true}]}}