{"id":302,"date":"2017-05-20T15:23:49","date_gmt":"2017-05-20T15:23:49","guid":{"rendered":"https:\/\/notarsild.ee\/?page_id=302"},"modified":"2017-05-20T15:23:49","modified_gmt":"2017-05-20T15:23:49","slug":"konsultatsioon","status":"publish","type":"page","link":"https:\/\/notarsild.ee\/gb\/konsultatsioon\/","title":{"rendered":"Konsultatsioon"},"content":{"rendered":"<p>Notari poole on v\u00f5imalik p\u00f6\u00f6rduda ka konsultatsiooni saamiseks tsiviil\u00f5igusalastes k\u00fcsimustes. Sellisel juhul on konsultatsiooni tasu kokkuleppeline ning s\u00f5ltub \u00f5igusliku probleemi keerukusest.<\/p>\n<p>Notari poolt t\u00f5estatava tehingu raames ning selle ettevalmistamiseks antav konsultatsiooni tasu sisaldub t\u00f5estatava tehingu notari tasus ning selle eest klient t\u00e4iendavalt tasuma ei pea.<\/p>\n<p>Peamised valdkonnad, millega seoses notar konsultatisoone annab on v\u00f5la\u00f5igus ehk lepingu\u00f5igus, asja\u00f5igus, \u00fchingu\u00f5igus, p\u00e4rimis\u00f5igus \u00a0ja perekonna\u00f5igus.<\/p>\n","protected":false},"excerpt":{"rendered":"<p>Notari poole on v\u00f5imalik p\u00f6\u00f6rduda ka konsultatsiooni saamiseks tsiviil\u00f5igusalastes k\u00fcsimustes. Sellisel juhul on konsultatsiooni tasu kokkuleppeline ning s\u00f5ltub \u00f5igusliku probleemi keerukusest. Notari poolt t\u00f5estatava tehingu raames ning selle ettevalmistamiseks antav konsultatsiooni tasu sisaldub t\u00f5estatava tehingu notari tasus ning selle eest [&hellip;]<\/p>\n","protected":false},"author":1,"featured_media":0,"parent":0,"menu_order":0,"comment_status":"closed","ping_status":"closed","template":"","meta":{"footnotes":""},"class_list":["post-302","page","type-page","status-publish","hentry","clearfix"],"translation":{"provider":"WPGlobus","version":"3.0.2","language":"gb","enabled_languages":["ee","gb","ru"],"languages":{"ee":{"title":true,"content":true,"excerpt":false},"gb":{"title":false,"content":false,"excerpt":false},"ru":{"title":false,"content":false,"excerpt":false}}},"_links":{"self":[{"href":"https:\/\/notarsild.ee\/gb\/wp-json\/wp\/v2\/pages\/302","targetHints":{"allow":["GET"]}}],"collection":[{"href":"https:\/\/notarsild.ee\/gb\/wp-json\/wp\/v2\/pages"}],"about":[{"href":"https:\/\/notarsild.ee\/gb\/wp-json\/wp\/v2\/types\/page"}],"author":[{"embeddable":true,"href":"https:\/\/notarsild.ee\/gb\/wp-json\/wp\/v2\/users\/1"}],"replies":[{"embeddable":true,"href":"https:\/\/notarsild.ee\/gb\/wp-json\/wp\/v2\/comments?post=302"}],"version-history":[{"count":2,"href":"https:\/\/notarsild.ee\/gb\/wp-json\/wp\/v2\/pages\/302\/revisions"}],"predecessor-version":[{"id":426,"href":"https:\/\/notarsild.ee\/gb\/wp-json\/wp\/v2\/pages\/302\/revisions\/426"}],"wp:attachment":[{"href":"https:\/\/notarsild.ee\/gb\/wp-json\/wp\/v2\/media?parent=302"}],"curies":[{"name":"wp","href":"https:\/\/api.w.org\/{rel}","templated":true}]}}