{"id":304,"date":"2017-05-20T15:24:42","date_gmt":"2017-05-20T15:24:42","guid":{"rendered":"https:\/\/notarsild.ee\/?page_id=304"},"modified":"2025-12-19T15:58:22","modified_gmt":"2025-12-19T15:58:22","slug":"kontakt","status":"publish","type":"page","link":"https:\/\/notarsild.ee\/gb\/kontakt\/","title":{"rendered":"Kontakt"},"content":{"rendered":"<p><strong>Aadress:<\/strong><br \/>\nTartu mnt 13 (Kompassi Maja), III korrus<br \/>\nTallinn 10145<\/p>\n<p><img loading=\"lazy\" decoding=\"async\" class=\"alignnone size-full wp-image-368\" src=\"https:\/\/notarsild.ee\/wp-content\/uploads\/2017\/06\/880A4645-e1496493152862.jpg\" alt=\"Notar Triin Sild\" width=\"1200\" height=\"800\" \/><\/p>\n<p><strong>Telefon:<\/strong><br \/>\n(+372) 666 2424<br \/>\n(+372) 56\u00a066 1052<\/p>\n<p><strong>E-post:<\/strong><br \/>\n<a href=\"mailto:info@notarsild.ee\">info@notarsild.ee<\/a><\/p>\n<p><strong>Notarib\u00fcroo vastuv\u00f5tuajad:\u00a0\u00a0\u00a0\u00a0\u00a0<\/strong><\/p>\n<p><strong>E,T,K,N \u00a09.00 \u2013 17.00\u00a0\u00a0 ja\u00a0\u00a0\u00a0 R 9.00- 15.00\u00a0 <\/strong><\/p>\n<p><strong>31.12.2025\u00a0 ja 02.01.2026 on notarib\u00fcroo suletud.<\/strong><\/p>\n<p><strong>L\u00e4himad parkimisv\u00f5imalused:<\/strong><\/p>\n<p>Tartu mnt 16a\u00a0 (SEB Panga k\u00f5rval) olev Europarkla, tsoon <strong>EP 43<\/strong><\/p>\n<p>Tartu mnt 10a, Tallinn asuv Europarkla (Kivisilla t\u00e4navaga k\u00fclgnev parkla), tsoon <strong>EP 36.<\/strong><\/p>\n<p><strong><br \/>\nAsukoha kaart:<\/strong><\/p>\n<p><iframe loading=\"lazy\" style=\"border: 0px currentColor;\" src=\"https:\/\/www.google.com\/maps\/embed?pb=!1m18!1m12!1m3!1d2028.9184761214894!2d24.759066716452498!3d59.43443420963232!2m3!1f0!2f0!3f0!3m2!1i1024!2i768!4f13.1!3m3!1m2!1s0x4692935fa172bce7%3A0x3e784b2d51afa9a!2sTartu+maantee+13%2C+10117+Tallinn!5e0!3m2!1set!2see!4v1496488356022\" width=\"100%\" height=\"450\" frameborder=\"0\" allowfullscreen=\"allowfullscreen\"><\/iframe><\/p>\n","protected":false},"excerpt":{"rendered":"<p>Aadress: Tartu mnt 13 (Kompassi Maja), III korrus Tallinn 10145 Telefon: (+372) 666 2424 (+372) 56\u00a066 1052 E-post: info@notarsild.ee Notarib\u00fcroo vastuv\u00f5tuajad:\u00a0\u00a0\u00a0\u00a0\u00a0 E,T,K,N \u00a09.00 \u2013 17.00\u00a0\u00a0 ja\u00a0\u00a0\u00a0 R 9.00- 15.00\u00a0 31.12.2025\u00a0 ja 02.01.2026 on notarib\u00fcroo suletud. L\u00e4himad parkimisv\u00f5imalused: Tartu mnt 16a\u00a0 [&hellip;]<\/p>\n","protected":false},"author":1,"featured_media":0,"parent":0,"menu_order":0,"comment_status":"closed","ping_status":"closed","template":"","meta":{"footnotes":""},"class_list":["post-304","page","type-page","status-publish","hentry","clearfix"],"translation":{"provider":"WPGlobus","version":"3.0.2","language":"gb","enabled_languages":["ee","gb","ru"],"languages":{"ee":{"title":true,"content":true,"excerpt":false},"gb":{"title":false,"content":false,"excerpt":false},"ru":{"title":false,"content":false,"excerpt":false}}},"_links":{"self":[{"href":"https:\/\/notarsild.ee\/gb\/wp-json\/wp\/v2\/pages\/304","targetHints":{"allow":["GET"]}}],"collection":[{"href":"https:\/\/notarsild.ee\/gb\/wp-json\/wp\/v2\/pages"}],"about":[{"href":"https:\/\/notarsild.ee\/gb\/wp-json\/wp\/v2\/types\/page"}],"author":[{"embeddable":true,"href":"https:\/\/notarsild.ee\/gb\/wp-json\/wp\/v2\/users\/1"}],"replies":[{"embeddable":true,"href":"https:\/\/notarsild.ee\/gb\/wp-json\/wp\/v2\/comments?post=304"}],"version-history":[{"count":58,"href":"https:\/\/notarsild.ee\/gb\/wp-json\/wp\/v2\/pages\/304\/revisions"}],"predecessor-version":[{"id":777,"href":"https:\/\/notarsild.ee\/gb\/wp-json\/wp\/v2\/pages\/304\/revisions\/777"}],"wp:attachment":[{"href":"https:\/\/notarsild.ee\/gb\/wp-json\/wp\/v2\/media?parent=304"}],"curies":[{"name":"wp","href":"https:\/\/api.w.org\/{rel}","templated":true}]}}