{"id":310,"date":"2017-05-20T15:37:22","date_gmt":"2017-05-20T15:37:22","guid":{"rendered":"https:\/\/notarsild.ee\/?page_id=310"},"modified":"2017-06-19T10:40:10","modified_gmt":"2017-06-19T10:40:10","slug":"kes-on-notar","status":"publish","type":"page","link":"https:\/\/notarsild.ee\/gb\/kes-on-notar\/","title":{"rendered":"Kes on notar?"},"content":{"rendered":"<p>Notar on avalik-\u00f5igusliku ameti kandja, kellele riik on andnud \u00f5iguse t\u00f5estada ja kinnitada \u00f5igusliku t\u00e4hendusega asjaolusid ja s\u00fcndmusi ning teha muid \u00f5iguskindlust tagavaid ametitoiminguid. Notar on f\u00fc\u00fcsiline isik, kes t\u00e4idab talle riigi poolt seadusega antud avalikku funktsiooni. Notar ei ole riigiametnik ega ettev\u00f5tja. Ta on vaba elukutse esindaja, kes peab notariametit oma nimel ja vastutusel. Notarite arvu ja t\u00f6\u00f6piirkonnad m\u00e4\u00e4rab kindlaks justiitsminister. Notari t\u00f6\u00f6piirkonnaks on maakond, millise piirkonna linna notariks on justiitsminister ta nimetanud. K\u00f5ik notarid on Eesti Vabariigi Notarite Koja liikmed ning j\u00e4relevalvet notari tegevuse \u00fcle teostab nii Notarite Koda kui Justiitsministeerium.<\/p>\n<p>Notari ametitegevus jaguneb notari ametitoiminguteks ja ametiteenusteks. Notarite p\u00f5hiliseks tegevusvaldkonnaks on ametitoimingute alla kuuluv tsiviil\u00f5iguslike tehingute t\u00f5estamine. Notariaalne t\u00f5estamine suurendab isikute \u00f5iguste kaitset ja kindlustunnet \u00f5iguslike k\u00fcsimuste lahendamisel. T\u00f5estamise eesm\u00e4rgiks on tagada isikutevaheliste suhete stabiilsus ning hoida seel\u00e4bi \u00e4ra v\u00f5imalikke hilisemaid \u00f5igusvaidlusi.<\/p>\n<p><img loading=\"lazy\" decoding=\"async\" class=\"alignnone size-full wp-image-386\" src=\"https:\/\/notarsild.ee\/wp-content\/uploads\/2017\/06\/880A4613-e1496493610358.jpg\" alt=\"\" width=\"1200\" height=\"459\" srcset=\"https:\/\/notarsild.ee\/wp-content\/uploads\/2017\/06\/880A4613-e1496493610358.jpg 1200w, https:\/\/notarsild.ee\/wp-content\/uploads\/2017\/06\/880A4613-e1496493610358-200x77.jpg 200w, https:\/\/notarsild.ee\/wp-content\/uploads\/2017\/06\/880A4613-e1496493610358-600x230.jpg 600w, https:\/\/notarsild.ee\/wp-content\/uploads\/2017\/06\/880A4613-e1496493610358-768x294.jpg 768w, https:\/\/notarsild.ee\/wp-content\/uploads\/2017\/06\/880A4613-e1496493610358-700x268.jpg 700w, https:\/\/notarsild.ee\/wp-content\/uploads\/2017\/06\/880A4613-e1496493610358-520x199.jpg 520w, https:\/\/notarsild.ee\/wp-content\/uploads\/2017\/06\/880A4613-e1496493610358-360x138.jpg 360w, https:\/\/notarsild.ee\/wp-content\/uploads\/2017\/06\/880A4613-e1496493610358-250x96.jpg 250w, https:\/\/notarsild.ee\/wp-content\/uploads\/2017\/06\/880A4613-e1496493610358-100x38.jpg 100w\" sizes=\"auto, (max-width: 1200px) 100vw, 1200px\" \/><\/p>\n<h2>NOTARI AMETIPIDAMISE P\u00d5HIM\u00d5TTED<\/h2>\n<h3>S\u00f5ltumatus<\/h3>\n<p>Notar allub ametitoimingute tegemisel ainult seadustele ja teistele \u00f5igusaktidele. Oma ametitoimingutega seotud otsused v\u00f5tab notar vastu iseseisvalt s.t et notar t\u00f5lgendab ning kohaldab seadust iseseisvalt. Kellelgi ei ole \u00f5igust anda notarile ametitoimingu tegemisel kohustuslikke juhendeid.<\/p>\n<h3>Erapooletus<\/h3>\n<p>Notar on erapooletu nii ametitoimingu osaliste kui ka isikute suhtes, kelle \u00f5igusi ja huvisid toiming puudutab. Notar tagab, et toimingu tegemisel ei oleks kahjustatud kogenematu ja asjatundmatu osaleja huvid. Notar annab inimestele erapooletut \u00f5iguslikku n\u00f5u.<\/p>\n<p>Erinevalt teistest n\u00f5ustajatest kaitseb notar v\u00f5rdselt m\u00f5lema poole huve ja j\u00e4lgib, et tehing oleks tasakaalus. Notar peab erapooletuna silmas ka neid isikuid, kes pole otseselt notari ametitoimingu osalised, kuid kelle huve v\u00f5idakse sellega riivata.<\/p>\n<h3>Saladuse hoidmine<\/h3>\n<p>Oma ametitegevusega teatavaks saanud info ja tehtavate toimingute sisu kohustub notar hoidma saladuses. Saladuse hoidmise n\u00f5ue laieneb ka notarib\u00fcroo t\u00f6\u00f6tajatele. Infot notariaaltoimingu kohta annab notar ainult selles osalenud isikutele v\u00f5i nende esindajatele, samuti kohtule menetluses olevate tsiviil-, kriminaal- ja haldusasjades ning kohtu m\u00e4\u00e4ruse alusel uurimisorganitele.<\/p>\n<h3>Isiklik vastutus<\/h3>\n<p>Notar vastutab oma ametikohustuste s\u00fc\u00fclise rikkumisega tekitatud kahju eest isiklikult. K\u00f5igil notaritel on kohustuslik ametikindlustus.<\/p>\n<p>Notari ametitegevus koosneb ametitoimingutest ja ametiteenustest. Ametitoimingud koosnevad\u00a0 peamiselt t\u00f5estamis- ja kinnitamistoimingutest.<\/p>\n<p>T\u00f5estamine on notari peamine ametitegevus, mille tulemusena valmib notariaalakt. T\u00f5estamise puhul kontrollib notar tehinguosaliste isikusamasust, teo- ja otsusev\u00f5imet, k\u00e4sutus\u00f5igust ning esindus\u00f5igust ning muid t\u00f5estamisseadusega ning notariaadim\u00e4\u00e4rustikuga ette n\u00e4htud asjaolusid.<\/p>\n<p>Allkirja notariaalsel kinnitamisel kinnitab notar tehingu allkirjastaja isikusamasust, mitte muid asjaolusid. \u00c4rakirja (koopia) kinnitamisel ei kontrolli notar dokumendi sisu vaid kinnitab \u00fcksnes selle vastavust originaalile. Notar v\u00f5ib kinnitada ka muid lihtsaid asjaolusid (n\u00e4iteks isiku elusolekut v\u00f5i teatud ajal ja kohas viibimist, dokumendi esitamise aega jms) Kinnitamistoimingu puhul tehakse dokumendile notariaalm\u00e4rge ning \u00e4rakirju nendest notarib\u00fcroos ei s\u00e4ilitata.<\/p>\n<h2>NOTARI \u00dcLESANDED JA FUNKTSIOONID TEHINGUTE T\u00d5ESTAMISEL<\/h2>\n<h3>N\u00f5ustamiskohustus<\/h3>\n<p>Notar selgitab v\u00e4lja tehingu tegemiseks olulised asjaolud ning tehingu osaliste eesm\u00e4rgid. Notar n\u00f5ustab tehingu osalisi tehingu tegemise erinevate v\u00f5imaluste kohta ning selgitab, millised on \u00fche v\u00f5i teise lahenduse eelised v\u00f5i puudused.<\/p>\n<p>Notar hoolitseb selle eest, et eksimused oleks v\u00e4listatud ja kahtlused hajutatud ning et tehinguga ei kahjustataks kogenematu ja asjatundmatu osaleja huve. Notar s\u00f5nastab tehingu osaliste tahteavaldusi ja oma selgitusi sisaldava notariaalakti, tagades et need oleks selged ja \u00fcheselt arusaadavad ning osaliste tahtele vastavad.<\/p>\n<h3>Hoiatamisfunktsioon<\/h3>\n<p>Notar aitab selgitamisega \u00e4ra hoida j\u00e4relem\u00f5tlematuid samme olulistes \u00f5igusk\u00fcsimustes kohustuste v\u00f5tmisel v\u00f5i \u00f5iguste loovutamisel, samuti v\u00e4heste \u00f5igusteadmistega isikute \u00f5iguste ja h\u00fcvede kahjustamist.<\/p>\n<h3>Uurimisfunktsioon<\/h3>\n<p>T\u00f5estatava tehingu kehtivuse tagamiseks j\u00e4rgib notar toimingu tegemise n\u00f5udeid. Notari esmasteks \u00fclesanneteks on isikusamasuse, teo- ja otsusev\u00f5ime, perekonnaseisu ning esindus\u00f5iguse tuvastamine.<\/p>\n<h3>Esindusfunktsioon<\/h3>\n<p>Notar v\u00f5ib tehinguosalisi esindada avalikes registrites, edastades registritele l\u00f5puleviidud ametitoimingutega seotud dokumente.<\/p>\n<p>&nbsp;<\/p>\n<p>&nbsp;<\/p>\n","protected":false},"excerpt":{"rendered":"<p>Notar on avalik-\u00f5igusliku ameti kandja, kellele riik on andnud \u00f5iguse t\u00f5estada ja kinnitada \u00f5igusliku t\u00e4hendusega asjaolusid ja s\u00fcndmusi ning teha muid \u00f5iguskindlust tagavaid ametitoiminguid. Notar on f\u00fc\u00fcsiline isik, kes t\u00e4idab talle riigi poolt seadusega antud avalikku funktsiooni. Notar ei ole [&hellip;]<\/p>\n","protected":false},"author":1,"featured_media":0,"parent":0,"menu_order":0,"comment_status":"closed","ping_status":"closed","template":"","meta":{"footnotes":""},"class_list":["post-310","page","type-page","status-publish","hentry","clearfix"],"translation":{"provider":"WPGlobus","version":"3.0.2","language":"gb","enabled_languages":["ee","gb","ru"],"languages":{"ee":{"title":true,"content":true,"excerpt":false},"gb":{"title":false,"content":false,"excerpt":false},"ru":{"title":false,"content":false,"excerpt":false}}},"_links":{"self":[{"href":"https:\/\/notarsild.ee\/gb\/wp-json\/wp\/v2\/pages\/310","targetHints":{"allow":["GET"]}}],"collection":[{"href":"https:\/\/notarsild.ee\/gb\/wp-json\/wp\/v2\/pages"}],"about":[{"href":"https:\/\/notarsild.ee\/gb\/wp-json\/wp\/v2\/types\/page"}],"author":[{"embeddable":true,"href":"https:\/\/notarsild.ee\/gb\/wp-json\/wp\/v2\/users\/1"}],"replies":[{"embeddable":true,"href":"https:\/\/notarsild.ee\/gb\/wp-json\/wp\/v2\/comments?post=310"}],"version-history":[{"count":6,"href":"https:\/\/notarsild.ee\/gb\/wp-json\/wp\/v2\/pages\/310\/revisions"}],"predecessor-version":[{"id":654,"href":"https:\/\/notarsild.ee\/gb\/wp-json\/wp\/v2\/pages\/310\/revisions\/654"}],"wp:attachment":[{"href":"https:\/\/notarsild.ee\/gb\/wp-json\/wp\/v2\/media?parent=310"}],"curies":[{"name":"wp","href":"https:\/\/api.w.org\/{rel}","templated":true}]}}