{"id":358,"date":"2017-05-20T16:48:15","date_gmt":"2017-05-20T16:48:15","guid":{"rendered":"https:\/\/notarsild.ee\/?page_id=358"},"modified":"2017-06-20T19:24:51","modified_gmt":"2017-06-20T19:24:51","slug":"ametitegevus","status":"publish","type":"page","link":"https:\/\/notarsild.ee\/gb\/ametitegevus\/","title":{"rendered":"Ametitegevus"},"content":{"rendered":"<ul>\n<li><a href=\"https:\/\/notarsild.ee\/kinnisvara-tehingud-ja-muud-lepingud\/\">Kinnisvara tehingud ja muud lepingud<\/a><\/li>\n<li><a href=\"https:\/\/notarsild.ee\/perekonnaasjad\/\">Perekonnaasjad<\/a><\/li>\n<li><a href=\"https:\/\/notarsild.ee\/parimisasjad\/\">P\u00e4rimisasjad<\/a><\/li>\n<li><a href=\"https:\/\/notarsild.ee\/deposiidi-kasutamine\/\">Deposiidi kasutamine<\/a><\/li>\n<li><a href=\"https:\/\/notarsild.ee\/apostille\/\">Apostille<\/a><\/li>\n<li><a href=\"https:\/\/notarsild.ee\/ariregistri-asjad\/\">\u00c4riregistri asjad<\/a><\/li>\n<\/ul>\n<h2>Notari ametitoimingud<\/h2>\n<ol>\n<li>Tehingute (s.h lepingute), tahteavalduse ja muude \u00f5igusliku t\u00e4hendusega s\u00fcndmuste t\u00f5estamine;<\/li>\n<li>lihtsamad toimingud kinnitamised (peamiselt allkirjade ja \u00e4rakirjade kinnitamine);<\/li>\n<li>p\u00e4rimismenetluse l\u00e4biviimine;<\/li>\n<li>volikirja t\u00f5estamine ja kehtetuks kuulutamine;<\/li>\n<li>avaliku dokumendi kohta tunnistuse (<em>apostille<\/em>\u2019) v\u00e4ljaandmine;<\/li>\n<li>juriidilise isiku taotlusel tema majandusaasta aruande edastamine \u00e4riregistri pidajale;<\/li>\n<li>abielu s\u00f5lmimise ja lahutamise kinnitamine.<\/li>\n<li>raha, v\u00e4\u00e4rtpaberite ning dokumentide hoiule v\u00f5tmine;<\/li>\n<li>kinnistusregistriosaga ja kinnistustoimikuga tutvumise v\u00f5imaldamine.<\/li>\n<\/ol>\n<h2>Notari ametiteenused<\/h2>\n<ol>\n<li>Tsiviil\u00f5igusalane \u00f5igusn\u00f5ustamine v\u00e4ljaspool t\u00f5estamistoimingut (see h\u00f5lmab ka erinevate dokumendiprojektide koostamist);<\/li>\n<li>enampakkumise, h\u00e4\u00e4letamise, loosimise ja liisuheitmise l\u00e4biviimine ning tulemuste t\u00f5estamine t\u00f5estamisseaduse alusel;<\/li>\n<li>vannutamine ja vande all antava tunnistuse t\u00f5estamine t\u00f5estamisseaduse alusel;<\/li>\n<li>v\u00e4ljaspool notariaadiseaduse \u00a7-s\u00a030 s\u00e4testatud ametikohustusi avalduse ja teate edastamine ning t\u00f5endi v\u00e4ljaandmine sellise edastamise toimumise v\u00f5i v\u00f5imatuse kohta t\u00f5estamisseaduse alusel;<\/li>\n<li>raha, v\u00e4lja arvatud sularaha, v\u00e4\u00e4rtpaberite, dokumentide ja muude esemete hoiule v\u00f5tmine, kui see ei ole ametitoiming ega sellega kaasnev ametikohustus;<\/li>\n<li>tegutsemine vahekohtunikuna.<\/li>\n<\/ol>\n<h2>Konsultatsioon<\/h2>\n<p>Notari poole on v\u00f5imalik p\u00f6\u00f6rduda ka konsultatsiooni saamiseks tsiviil\u00f5igusalastes k\u00fcsimustes. Sellisel juhul on konsultatsiooni tasu kokkuleppeline ning s\u00f5ltub \u00f5igusliku probleemi keerukusest.<\/p>\n<p>Notari poolt t\u00f5estatava tehingu raames ning selle ettevalmistamiseks antav konsultatsiooni tasu sisaldub t\u00f5estatava tehingu notari tasus ning selle eest klient t\u00e4iendavalt tasuma ei pea.<\/p>\n<p>Peamised valdkonnad, millega seoses notar konsultatisoone annab on v\u00f5la\u00f5igus ehk lepingu\u00f5igus, asja\u00f5igus, \u00fchingu\u00f5igus, p\u00e4rimis\u00f5igus \u00a0ja perekonna\u00f5igus.<\/p>\n<p><img loading=\"lazy\" decoding=\"async\" class=\"alignnone size-full wp-image-387\" src=\"https:\/\/notarsild.ee\/wp-content\/uploads\/2017\/06\/880A4630-e1496493494468.jpg\" alt=\"\" width=\"1200\" height=\"459\" srcset=\"https:\/\/notarsild.ee\/wp-content\/uploads\/2017\/06\/880A4630-e1496493494468.jpg 1200w, https:\/\/notarsild.ee\/wp-content\/uploads\/2017\/06\/880A4630-e1496493494468-200x77.jpg 200w, https:\/\/notarsild.ee\/wp-content\/uploads\/2017\/06\/880A4630-e1496493494468-600x230.jpg 600w, https:\/\/notarsild.ee\/wp-content\/uploads\/2017\/06\/880A4630-e1496493494468-768x294.jpg 768w, https:\/\/notarsild.ee\/wp-content\/uploads\/2017\/06\/880A4630-e1496493494468-700x268.jpg 700w, https:\/\/notarsild.ee\/wp-content\/uploads\/2017\/06\/880A4630-e1496493494468-520x199.jpg 520w, https:\/\/notarsild.ee\/wp-content\/uploads\/2017\/06\/880A4630-e1496493494468-360x138.jpg 360w, https:\/\/notarsild.ee\/wp-content\/uploads\/2017\/06\/880A4630-e1496493494468-250x96.jpg 250w, https:\/\/notarsild.ee\/wp-content\/uploads\/2017\/06\/880A4630-e1496493494468-100x38.jpg 100w\" sizes=\"auto, (max-width: 1200px) 100vw, 1200px\" \/><\/p>\n","protected":false},"excerpt":{"rendered":"<p>Kinnisvara tehingud ja muud lepingud Perekonnaasjad P\u00e4rimisasjad Deposiidi kasutamine Apostille \u00c4riregistri asjad Notari ametitoimingud Tehingute (s.h lepingute), tahteavalduse ja muude \u00f5igusliku t\u00e4hendusega s\u00fcndmuste t\u00f5estamine; lihtsamad toimingud kinnitamised (peamiselt allkirjade ja \u00e4rakirjade kinnitamine); p\u00e4rimismenetluse l\u00e4biviimine; volikirja t\u00f5estamine ja kehtetuks kuulutamine; avaliku [&hellip;]<\/p>\n","protected":false},"author":1,"featured_media":0,"parent":0,"menu_order":0,"comment_status":"closed","ping_status":"closed","template":"","meta":{"footnotes":""},"class_list":["post-358","page","type-page","status-publish","hentry","clearfix"],"translation":{"provider":"WPGlobus","version":"3.0.2","language":"gb","enabled_languages":["ee","gb","ru"],"languages":{"ee":{"title":true,"content":true,"excerpt":false},"gb":{"title":false,"content":false,"excerpt":false},"ru":{"title":false,"content":false,"excerpt":false}}},"_links":{"self":[{"href":"https:\/\/notarsild.ee\/gb\/wp-json\/wp\/v2\/pages\/358","targetHints":{"allow":["GET"]}}],"collection":[{"href":"https:\/\/notarsild.ee\/gb\/wp-json\/wp\/v2\/pages"}],"about":[{"href":"https:\/\/notarsild.ee\/gb\/wp-json\/wp\/v2\/types\/page"}],"author":[{"embeddable":true,"href":"https:\/\/notarsild.ee\/gb\/wp-json\/wp\/v2\/users\/1"}],"replies":[{"embeddable":true,"href":"https:\/\/notarsild.ee\/gb\/wp-json\/wp\/v2\/comments?post=358"}],"version-history":[{"count":19,"href":"https:\/\/notarsild.ee\/gb\/wp-json\/wp\/v2\/pages\/358\/revisions"}],"predecessor-version":[{"id":653,"href":"https:\/\/notarsild.ee\/gb\/wp-json\/wp\/v2\/pages\/358\/revisions\/653"}],"wp:attachment":[{"href":"https:\/\/notarsild.ee\/gb\/wp-json\/wp\/v2\/media?parent=358"}],"curies":[{"name":"wp","href":"https:\/\/api.w.org\/{rel}","templated":true}]}}