{"id":360,"date":"2017-05-20T16:48:31","date_gmt":"2017-05-20T16:48:31","guid":{"rendered":"https:\/\/notarsild.ee\/?page_id=360"},"modified":"2017-06-19T20:05:59","modified_gmt":"2017-06-19T20:05:59","slug":"notari-tasud","status":"publish","type":"page","link":"https:\/\/notarsild.ee\/gb\/notari-tasud\/","title":{"rendered":"Notari tasud"},"content":{"rendered":"<p>Notari tasu ametitoimingute tegemisel (s.t t\u00f5estamis- ja kinnitamistoimingute tegemisel) on kehtestatud notari tasu seadusega. Ametiteenuste eest v\u00f5etav tasu on aga kokkuleppeline. Notaril on ametitoimingute eest \u00f5igus v\u00f5tta tasu ainult notari tasu seaduses s\u00e4testatud ulatuses ja korras. Notaril on keelatud s\u00f5lmida kokkuleppeid ametitoimingute suhtes seaduses s\u00e4testatud tasum\u00e4\u00e4rade muutmiseks. Notari tasude seaduses reguleerimisega tagatakse, et teatud h\u00e4davajalikud toimingud oleksid k\u00f5igile isikutele majanduslikult k\u00e4ttesaadavad s\u00f5ltumata isiku majanduslikust kindlustatusest.<\/p>\n<p>Mitmepoolsete tehingute (s.t lepingute) t\u00f5estamisel on notari tasu arvutamise aluseks lepingu objektiks oleva asja v\u00f5i \u00f5iguse v\u00e4\u00e4rtus. Lepingu t\u00f5estamise tasu v\u00e4lja arvutamiseks p\u00f6\u00f6rduge palun notarib\u00fcroosse. Teatud tehingute kinnitamisele ja t\u00f5estamisele on aga tasud m\u00e4\u00e4ratud s\u00f5ltumata \u00f5iguse v\u00e4\u00e4rtusest.\u00a0 Kindla tasum\u00e4\u00e4raga on n\u00e4iteks j\u00e4rgmised notariaaltoimingud:<\/p>\n<ul>\n<li>f\u00fc\u00fcsilise isiku muu volituse t\u00f5estamine \u2013 <strong>25,50<\/strong> eurot;<\/li>\n<li>juriidilise isiku volituse t\u00f5estamine \u2013 <strong>49,20<\/strong> eurot;<\/li>\n<li>volituse v\u00f5i avalduse t\u00f5estamine pensioni, elatusraha, elatise v\u00f5i toetuse vastuv\u00f5tmiseks v\u00f5i teise isiku arveldusarvele kandmiseks \u2013 <strong>3,19<\/strong> eurot;<\/li>\n<li>isiku elusoleku kinnitamine \u2013 <strong>14,35<\/strong> eurot;<\/li>\n<li>isiku teatud kohas viibimise kinnitamine \u2013 <strong>15,95<\/strong> eurot;<\/li>\n<li>notariaalselt kinnitatava avalduse projekti koostamine \u2013 <strong>18,20<\/strong> eurot;<\/li>\n<li>kohtu kinnistus- v\u00f5i registriosakonnale esitatava avalduse projekti koostamine, avalduse esitaja allkirja kinnitamine ja avaldusest digitaalse \u00e4rakirja v\u00e4ljastamine\u00a0\u2013 <strong>35,75<\/strong>\u00a0eurot. Kui avalduse esitajaid on mitu, lisandub tasule alates teisest isikust tema allkirja kinnitamise tasu <strong>6,35<\/strong>\u00a0eurot;<\/li>\n<li>\u00fchepoolse avalduse t\u00f5estamine, mille puhul tehinguv\u00e4\u00e4rtust ei m\u00e4\u00e4rata \u2013 <strong>42,15<\/strong> eurot;<\/li>\n<li>kahe- v\u00f5i mitmepoolse tehingu t\u00f5estamine, mille puhul tehinguv\u00e4\u00e4rtust ei m\u00e4\u00e4rata \u2013 <strong>84,30<\/strong> eurot;<\/li>\n<li>allkirja ja allkirjan\u00e4idise kinnitamine \u2013 <strong>12,75<\/strong> eurot;<\/li>\n<li>dokumendi \u00e4rakirja v\u00f5i v\u00e4ljav\u00f5tte, samuti v\u00e4ljatr\u00fcki kinnitamine \u2013 3,19 eurot lehek\u00fclg, kuid kokku mitte rohkem kui <strong>31,95<\/strong>\u00a0eurot;<\/li>\n<li>digitaalse \u00e4rakirja v\u00e4ljastamine, s\u00f5ltumata andmemahust \u2013 <strong>12,75<\/strong> eurot;<\/li>\n<li>dokumendi kinnitamine tunnistusega (<em>apostille<\/em>\u2019ga) \u2013 <strong>22,35<\/strong> eurot;<\/li>\n<li>\u00fchish\u00fcpoteegi osalise vabastamise kokkuleppe t\u00f5estamine \u2013 <strong>42,15<\/strong> eurot;<\/li>\n<li>majandusaasta aruande edastamine registrit pidavale kohtule \u2013 <strong>25,55<\/strong> eurot;<\/li>\n<li>testamendi t\u00f5estamine \u2013 <strong>32,55<\/strong> eurot;<\/li>\n<li>abikaasade vastastikuse testamendi t\u00f5estamine \u2013 <strong>41,50<\/strong> eurot;<\/li>\n<li>abikaasade vastastikuse testamendi t\u00fchistamise kohta teate koostamine ja edastamine \u2013 <strong>25<\/strong> eurot;<\/li>\n<li>p\u00e4randi vastuv\u00f5tmise avalduse t\u00f5estamine \u2013 <strong>65,15<\/strong> eurot;<\/li>\n<li>p\u00e4randist loobumise avalduse t\u00f5estamine \u2013 <strong>6,35<\/strong> eurot;<\/li>\n<li>p\u00e4rimismenetluse algatamise avalduse t\u00f5estamine \u2013 <strong>63,90<\/strong> eurot;<\/li>\n<li>p\u00e4rijate v\u00e4ljaselgitamine ja p\u00e4rimistunnistuse v\u00e4ljastamine \u2013 <strong>102,25<\/strong> eurot;<\/li>\n<li>Euroopa p\u00e4rimistunnistuse avalduse t\u00f5estamine \u2013 <strong>42<\/strong> eurot;<\/li>\n<li>Euroopa p\u00e4rimistunnistuse t\u00f5estamine \u2013 <strong>51<\/strong> eurot;<\/li>\n<li>p\u00e4rimisseaduses s\u00e4testatud \u00fcleskutsemenetluse l\u00e4biviimine \u2013 <strong>25,55<\/strong> eurot;<\/li>\n<li>p\u00e4rija \u00f5iguste ja kohustuste kohta t\u00e4iendavate j\u00e4relep\u00e4rimiste tegemiseks avalduse t\u00f5estamine \u2013 <strong>12,75<\/strong> eurot;<\/li>\n<li>sundosa saaja tunnistuse t\u00f5estamine \u2013 <strong>12,75<\/strong> eurot;<\/li>\n<li>omandi\u00f5iguse tunnistuse t\u00f5estamiseks esitatud \u00fchise avalduse t\u00f5estamine \u2013 <strong>42,15<\/strong>\u00a0eurot.<\/li>\n<\/ul>\n<p style=\"text-align: left;\"><strong>K\u00f5ikidele \u00fclaltoodud tasudele lisandub k\u00e4ibemaks.<\/strong><\/p>\n<p><img loading=\"lazy\" decoding=\"async\" class=\"alignnone size-full wp-image-385\" src=\"https:\/\/notarsild.ee\/wp-content\/uploads\/2017\/06\/880A4598-e1496493340295.jpg\" alt=\"\" width=\"1200\" height=\"459\" srcset=\"https:\/\/notarsild.ee\/wp-content\/uploads\/2017\/06\/880A4598-e1496493340295.jpg 1200w, https:\/\/notarsild.ee\/wp-content\/uploads\/2017\/06\/880A4598-e1496493340295-200x77.jpg 200w, https:\/\/notarsild.ee\/wp-content\/uploads\/2017\/06\/880A4598-e1496493340295-600x230.jpg 600w, https:\/\/notarsild.ee\/wp-content\/uploads\/2017\/06\/880A4598-e1496493340295-768x294.jpg 768w, https:\/\/notarsild.ee\/wp-content\/uploads\/2017\/06\/880A4598-e1496493340295-700x268.jpg 700w, https:\/\/notarsild.ee\/wp-content\/uploads\/2017\/06\/880A4598-e1496493340295-520x199.jpg 520w, https:\/\/notarsild.ee\/wp-content\/uploads\/2017\/06\/880A4598-e1496493340295-360x138.jpg 360w, https:\/\/notarsild.ee\/wp-content\/uploads\/2017\/06\/880A4598-e1496493340295-250x96.jpg 250w, https:\/\/notarsild.ee\/wp-content\/uploads\/2017\/06\/880A4598-e1496493340295-100x38.jpg 100w\" sizes=\"auto, (max-width: 1200px) 100vw, 1200px\" \/><\/p>\n","protected":false},"excerpt":{"rendered":"<p>Notari tasu ametitoimingute tegemisel (s.t t\u00f5estamis- ja kinnitamistoimingute tegemisel) on kehtestatud notari tasu seadusega. Ametiteenuste eest v\u00f5etav tasu on aga kokkuleppeline. Notaril on ametitoimingute eest \u00f5igus v\u00f5tta tasu ainult notari tasu seaduses s\u00e4testatud ulatuses ja korras. Notaril on keelatud s\u00f5lmida [&hellip;]<\/p>\n","protected":false},"author":1,"featured_media":0,"parent":0,"menu_order":0,"comment_status":"closed","ping_status":"closed","template":"","meta":{"footnotes":""},"class_list":["post-360","page","type-page","status-publish","hentry","clearfix"],"translation":{"provider":"WPGlobus","version":"3.0.2","language":"gb","enabled_languages":["ee","gb","ru"],"languages":{"ee":{"title":true,"content":true,"excerpt":false},"gb":{"title":false,"content":false,"excerpt":false},"ru":{"title":false,"content":false,"excerpt":false}}},"_links":{"self":[{"href":"https:\/\/notarsild.ee\/gb\/wp-json\/wp\/v2\/pages\/360","targetHints":{"allow":["GET"]}}],"collection":[{"href":"https:\/\/notarsild.ee\/gb\/wp-json\/wp\/v2\/pages"}],"about":[{"href":"https:\/\/notarsild.ee\/gb\/wp-json\/wp\/v2\/types\/page"}],"author":[{"embeddable":true,"href":"https:\/\/notarsild.ee\/gb\/wp-json\/wp\/v2\/users\/1"}],"replies":[{"embeddable":true,"href":"https:\/\/notarsild.ee\/gb\/wp-json\/wp\/v2\/comments?post=360"}],"version-history":[{"count":11,"href":"https:\/\/notarsild.ee\/gb\/wp-json\/wp\/v2\/pages\/360\/revisions"}],"predecessor-version":[{"id":570,"href":"https:\/\/notarsild.ee\/gb\/wp-json\/wp\/v2\/pages\/360\/revisions\/570"}],"wp:attachment":[{"href":"https:\/\/notarsild.ee\/gb\/wp-json\/wp\/v2\/media?parent=360"}],"curies":[{"name":"wp","href":"https:\/\/api.w.org\/{rel}","templated":true}]}}