{"id":578,"date":"2017-06-19T20:13:10","date_gmt":"2017-06-19T20:13:10","guid":{"rendered":"https:\/\/notarsild.ee\/?page_id=578"},"modified":"2017-06-21T07:55:59","modified_gmt":"2017-06-21T07:55:59","slug":"kinnisvara-tehingud-ja-muud-lepingud","status":"publish","type":"page","link":"https:\/\/notarsild.ee\/gb\/kinnisvara-tehingud-ja-muud-lepingud\/","title":{"rendered":"Kinnisvara tehingud ja muud lepingud"},"content":{"rendered":"<p>Notar t\u00f5estab eesk\u00e4tt lepinguid, millele on seaduses s\u00e4testatud notariaalselt t\u00f5estatud vormin\u00f5ue s.h kinnistuga (korteriomand, kinnisasi) tehtavaid tehinguid (n\u00e4iteks m\u00fc\u00fck, kinge, h\u00fcpoteegi seadmine, servituutidega koormamine), abieluvaralepingud ja osa m\u00fc\u00fcgilepingud.<\/p>\n<p>Osalejate soovil v\u00f5ib notar t\u00f5estada ka k\u00f5iki muid lepinguid, millele ei ole seadusega kohustuslikku notariaalselt t\u00f5estatud vormin\u00f5uet ette n\u00e4htud (n\u00e4iteks laenulepingud, kompromisslepingud, osanike vahelised kokkulepped, t\u00f6\u00f6v\u00f5tulepingud jms).<\/p>\n","protected":false},"excerpt":{"rendered":"<p>Notar t\u00f5estab eesk\u00e4tt lepinguid, millele on seaduses s\u00e4testatud notariaalselt t\u00f5estatud vormin\u00f5ue s.h kinnistuga (korteriomand, kinnisasi) tehtavaid tehinguid (n\u00e4iteks m\u00fc\u00fck, kinge, h\u00fcpoteegi seadmine, servituutidega koormamine), abieluvaralepingud ja osa m\u00fc\u00fcgilepingud. Osalejate soovil v\u00f5ib notar t\u00f5estada ka k\u00f5iki muid lepinguid, millele ei ole [&hellip;]<\/p>\n","protected":false},"author":1,"featured_media":0,"parent":0,"menu_order":1,"comment_status":"closed","ping_status":"closed","template":"page-templates\/single-service.php","meta":{"footnotes":""},"class_list":["post-578","page","type-page","status-publish","hentry","clearfix"],"translation":{"provider":"WPGlobus","version":"3.0.2","language":"gb","enabled_languages":["ee","gb","ru"],"languages":{"ee":{"title":true,"content":true,"excerpt":false},"gb":{"title":false,"content":false,"excerpt":false},"ru":{"title":false,"content":false,"excerpt":false}}},"_links":{"self":[{"href":"https:\/\/notarsild.ee\/gb\/wp-json\/wp\/v2\/pages\/578","targetHints":{"allow":["GET"]}}],"collection":[{"href":"https:\/\/notarsild.ee\/gb\/wp-json\/wp\/v2\/pages"}],"about":[{"href":"https:\/\/notarsild.ee\/gb\/wp-json\/wp\/v2\/types\/page"}],"author":[{"embeddable":true,"href":"https:\/\/notarsild.ee\/gb\/wp-json\/wp\/v2\/users\/1"}],"replies":[{"embeddable":true,"href":"https:\/\/notarsild.ee\/gb\/wp-json\/wp\/v2\/comments?post=578"}],"version-history":[{"count":3,"href":"https:\/\/notarsild.ee\/gb\/wp-json\/wp\/v2\/pages\/578\/revisions"}],"predecessor-version":[{"id":613,"href":"https:\/\/notarsild.ee\/gb\/wp-json\/wp\/v2\/pages\/578\/revisions\/613"}],"wp:attachment":[{"href":"https:\/\/notarsild.ee\/gb\/wp-json\/wp\/v2\/media?parent=578"}],"curies":[{"name":"wp","href":"https:\/\/api.w.org\/{rel}","templated":true}]}}