{"id":581,"date":"2017-06-19T20:13:50","date_gmt":"2017-06-19T20:13:50","guid":{"rendered":"https:\/\/notarsild.ee\/?page_id=581"},"modified":"2017-06-21T08:01:23","modified_gmt":"2017-06-21T08:01:23","slug":"ariregistri-asjad","status":"publish","type":"page","link":"https:\/\/notarsild.ee\/gb\/ariregistri-asjad\/","title":{"rendered":"\u00c4riregistri asjad"},"content":{"rendered":"<p>Osa\u00fchingu osa v\u00f5\u00f5randamise lepingutele, osa\u00fchingu ja aktsiaseltsi \u00fchinemise ning jagunemise lepingutele, osa\u00fchingu ja aktsiaseltsi asutamisotsusele (lepingutele)\u00a0ning teatud juhtudel\u00a0aktsiaseltsi ja osa\u00fchingu \u00fcldkoosoleku otsustele on kehtestatud notariaalse t\u00f5estamise vormin\u00f5ua.\u00a0Osalejate soovil v\u00f5ib notar t\u00f5estada ka tehinguid, millele ei ole k\u00fcll notariaalset vormin\u00f5uet ette n\u00e4htud (n\u00e4iteks osanike kokkulepe), kuid osalejad soovivad, et notar kui \u00f5igusteadmistega erapooletu isik t\u00f5estaks tehingu, et seel\u00e4bi oleks kaitstud k\u00f5igi tehinguosaliste huvid ning oleks tagatud, et lepinguosalised m\u00f5istsid tehingu tagaj\u00e4rgi.<\/p>\n<p>Notari kaudu on v\u00f5imalik \u00e4riregistrile ja mittetulundus\u00fchingute registrile esitada ka k\u00f5iki kandeavaldusi juhatuse, kapitali, aadressi, \u00e4rinime jms muutmiseks. Soovi korral koostab notarib\u00fcroo eraldi tasu eest ametiteenusena ka kandeavalduse lisadokumentide projektid (osanike otsuse ja p\u00f5hikirja).<\/p>\n","protected":false},"excerpt":{"rendered":"<p>Osa\u00fchingu osa v\u00f5\u00f5randamise lepingutele, osa\u00fchingu ja aktsiaseltsi \u00fchinemise ning jagunemise lepingutele, osa\u00fchingu ja aktsiaseltsi asutamisotsusele (lepingutele)\u00a0ning teatud juhtudel\u00a0aktsiaseltsi ja osa\u00fchingu \u00fcldkoosoleku otsustele on kehtestatud notariaalse t\u00f5estamise vormin\u00f5ua.\u00a0Osalejate soovil v\u00f5ib notar t\u00f5estada ka tehinguid, millele ei ole k\u00fcll notariaalset vormin\u00f5uet ette [&hellip;]<\/p>\n","protected":false},"author":1,"featured_media":0,"parent":0,"menu_order":6,"comment_status":"closed","ping_status":"closed","template":"page-templates\/single-service.php","meta":{"footnotes":""},"class_list":["post-581","page","type-page","status-publish","hentry","clearfix"],"translation":{"provider":"WPGlobus","version":"3.0.2","language":"gb","enabled_languages":["ee","gb","ru"],"languages":{"ee":{"title":true,"content":true,"excerpt":false},"gb":{"title":false,"content":false,"excerpt":false},"ru":{"title":false,"content":false,"excerpt":false}}},"_links":{"self":[{"href":"https:\/\/notarsild.ee\/gb\/wp-json\/wp\/v2\/pages\/581","targetHints":{"allow":["GET"]}}],"collection":[{"href":"https:\/\/notarsild.ee\/gb\/wp-json\/wp\/v2\/pages"}],"about":[{"href":"https:\/\/notarsild.ee\/gb\/wp-json\/wp\/v2\/types\/page"}],"author":[{"embeddable":true,"href":"https:\/\/notarsild.ee\/gb\/wp-json\/wp\/v2\/users\/1"}],"replies":[{"embeddable":true,"href":"https:\/\/notarsild.ee\/gb\/wp-json\/wp\/v2\/comments?post=581"}],"version-history":[{"count":5,"href":"https:\/\/notarsild.ee\/gb\/wp-json\/wp\/v2\/pages\/581\/revisions"}],"predecessor-version":[{"id":617,"href":"https:\/\/notarsild.ee\/gb\/wp-json\/wp\/v2\/pages\/581\/revisions\/617"}],"wp:attachment":[{"href":"https:\/\/notarsild.ee\/gb\/wp-json\/wp\/v2\/media?parent=581"}],"curies":[{"name":"wp","href":"https:\/\/api.w.org\/{rel}","templated":true}]}}