{"id":86,"date":"2016-02-16T14:40:03","date_gmt":"2016-02-16T14:40:03","guid":{"rendered":"http:\/\/demo.athemes.com\/astrid\/?page_id=86"},"modified":"2017-06-20T19:23:04","modified_gmt":"2017-06-20T19:23:04","slug":"perekonnaasjad","status":"publish","type":"page","link":"https:\/\/notarsild.ee\/gb\/perekonnaasjad\/","title":{"rendered":"Perekonnaasjad"},"content":{"rendered":"<p>Perekonna\u00f5igus reguleerib peamiselt abikaasade varalisi suhteid, vanemate \u00f5iguseid ja kohustusi oma laste suhtes, p\u00f5lvnemist ning eestkostet (ehk piiratud teov\u00f5imega isiku seadusj\u00e4rgse esinduse k\u00fcsimust).<\/p>\n<h3><strong>Abikaasade varalistes suhetest<\/strong><\/h3>\n<p>Peamiseks teenuseks perekonna\u00f5iguse valdkonnas on abieluvaralepingute ning \u00fchisvara jagamise lepingute t\u00f5estamine. Samuti on notari p\u00e4devuses abielu s\u00f5lmimise ja lahutamise kinnitamine.<\/p>\n<p>Enne 01.07.2010.a s\u00f5lmitud abielude puhul kohaldatakse abikaasade vahelistele suhtele vara\u00fchisuse kohta s\u00e4testatud, kui\u00a0 enne 01.07.2010.a s\u00f5lmitud abieluvaraleping ei n\u00e4e ette teisiti. Alates 01.07.2010.a s\u00f5lmitud abielude puhul peavad abiellujad valima neile kehtiva abieluvarare\u017eiimi (vara\u00fchisus, varalahusus v\u00f5i vara juurdekasvu tasaarvestus) .<\/p>\n<p>Abieluvaralepinguga v\u00f5ivad abikaasad muuta nendele kehtivat varasuhet.\u00a0 Abieluvaralepinguga on abikaasadel v\u00f5imalik m\u00e4\u00e4rata kindlaks, milline abikaasade poolt omandatud\u00a0 v\u00f5i tulevikus omandatav vara on abikaasade \u00fchine vara ning milline abikaasade lahusvara ehk vara, mis kuulub \u00fcksnes \u00fchele abikaasale, kes v\u00f5ib selle saatuse \u00fcle vabalt ise otsustada. \u00a0Samuti on abieluvaralepinguga v\u00f5imalik kindlaks m\u00e4\u00e4rata ka abielu lahutamisel abikaasale makstav kompensatsioon v\u00f5i igakuine elatis. Abieluvaralepingu v\u00f5ib s\u00f5lmida ka enne abiellumist, kuid sellisel juhul j\u00f5ustub abieluvaraleping alles abiellumisel. Abieluvaraleping on v\u00f5imalik kanda spetsiaalsesse registrisse &#8211; \u00a0abieluvararegistrisse &#8211; mis tagab \u00fchele abikaasale kaitse teise abikaasa v\u00f5lausaldajate suhtes. Abieluvaralepingule on ette n\u00e4htud kohustuslik notariaalselt t\u00f5estatud vorm, muus vormis s\u00f5lmitud leping on t\u00fchine.<\/p>\n<p>\u00dchisvara jagamise lepinguga jagatakse peale abielu l\u00f5ppemist abielu kestel abikaasade poolt \u00fchisvarasse omandatud vara abikaasade vahel. \u00dchisvara jagamise leping on abikaasadel m\u00f5istlik kindlasti s\u00f5lmida abielulahutuse korral, kuna abielulahutus ise ei muuda \u00fchisvara lahusvaraks. Seadus n\u00e4eb ette, et \u00fchisvara jagamise leping peab olema notariaalselt t\u00f5estatud \u00fcksnes juhul, kui abikaasad soovivad jagada neile \u00fchiselt kuuluvat kinnisasja (n\u00e4iteks kinnistut, korteriomandit) v\u00f5i muud vara mille omandi\u00f5iguse \u00fcleminekuks on ette n\u00e4htud notariaalselt t\u00f5estatud vorm (n\u00e4iteks osa\u00fchingu osa, hoone\u00fchistu liikmesust).<\/p>\n<h3><strong>Alaealiste nimel ja eestkostetava nimel tehtud tehingutest<\/strong><\/h3>\n<p>Hooldus\u00f5iguslik vanem on lapse seaduslik esindaja. \u00dchist hooldus\u00f5igust omavatel vanematel on \u00fchine esindus\u00f5igus. Seega kui lapsel on olemas m\u00f5lemad vanemad ning \u00fchegi vanema hooldus\u00f5igust ei ole piiratud, siis on vanematel \u00fchine esindus\u00f5igus ning\u00a0 tehinguid lapse nimelt peavad vanemad tegema koos (\u00fchiselt).<\/p>\n<p>Perekonnaseaduse kohaselt on teatud lapse nimel tehtavateks tehinguteks vaja lapsevanematel kohtu luba. Samuti on eestkostjal vaja eestkostetava nimel teatud tehinguteks kohtu luba.<\/p>\n<p>Lapsevanemad ei v\u00f5i lapse nimel ning eestkostja ei v\u00f5i eestkostetava nimel ilma kohtu eelneva n\u00f5usolekuta teha j\u00e4rgmisi tehinguid:<\/p>\n<p>1) k\u00e4sutada eestkostetavale\/lapsele kuuluvat kinnisasja v\u00f5i kinnisasja\u00f5igust;<\/p>\n<p>2) k\u00e4sutada eestkostetavale\/lapsele kuuluvat kinnisomandi \u00fclekandmisele v\u00f5i kinnisasja\u00f5iguse tekkimisele, \u00fclekandmisele v\u00f5i l\u00f5ppemisele suunatud n\u00f5uet;<\/p>\n<p>3) kohustuda tegema k\u00e4esoleva eelmistes \u00a0punktides nimetatud k\u00e4sutusi;<\/p>\n<p>4) s\u00f5lmida eestkostetava\/lapse nimel kinnisasja v\u00f5i kinnisasja\u00f5iguse tasulisele omandamisele suunatud lepingut;<\/p>\n<p>5) anda kasutusse eestkostetavale\/lapsele kuuluvat kinnisasja.<\/p>\n<p>6) teha tehingut, millega eestkostetav\/laps v\u00f5tab kohustuse k\u00e4sutada kogu oma vara, p\u00e4randit, tulevast seaduslikku p\u00e4randiosa v\u00f5i tulevast sundosa;<\/p>\n<p>7) loobuda p\u00e4randist, annakust v\u00f5i sundosast ega s\u00f5lmida p\u00e4randvara jagamise lepingut;<\/p>\n<p>8) s\u00f5lmida ettev\u00f5tte v\u00f5i selle organisatsiooniliselt iseseisva osa omandamisele v\u00f5i v\u00f5\u00f5randamisele suunatud lepingut, samuti ettev\u00f5tte k\u00e4itamisele suunatud seltsingulepingut;<\/p>\n<p>9) anda rendile ettev\u00f5tet;<\/p>\n<p>10) omandada osalust juriidilises isikus v\u00f5i astuda selle liikmeks;<\/p>\n<p>11) s\u00f5lmida \u00fc\u00fcri-, rendi-, kindlustus- ja muud kestvuslepingut, mis ei l\u00f5pe v\u00f5i mida ei saa \u00fcles \u00f6elda \u00fche aasta jooksul p\u00e4rast eestkostetava t\u00e4isealiseks saamist;<\/p>\n<p>12) v\u00f5tta laenu;<\/p>\n<p>13) omandada ja v\u00f5\u00f5randada v\u00e4\u00e4rtpabereid;<\/p>\n<p>14) teha tehingut, millega luuakse eestkostetava\/lapse vastutus teise isiku kohustuse eest, ning tehingut, millega eestkostetava\/lapse vara koormatakse teise isiku kohustuse tagamiseks;<\/p>\n<p>15) s\u00f5lmida kaasomandi jagamise, selle v\u00e4listamise v\u00f5i edasil\u00fckkamise kokkulepet;<\/p>\n<p>16) teha tehingut, mis l\u00f5petab eestkostetava\/lapse n\u00f5ude, v\u00e4hendab seda v\u00f5i selle tagatist v\u00f5i loob sellise kohustuse.<\/p>\n","protected":false},"excerpt":{"rendered":"<p>Perekonna\u00f5igus reguleerib peamiselt abikaasade varalisi suhteid, vanemate \u00f5iguseid ja kohustusi oma laste suhtes, p\u00f5lvnemist ning eestkostet (ehk piiratud teov\u00f5imega isiku seadusj\u00e4rgse esinduse k\u00fcsimust). Abikaasade varalistes suhetest Peamiseks teenuseks perekonna\u00f5iguse valdkonnas on abieluvaralepingute ning \u00fchisvara jagamise lepingute t\u00f5estamine. Samuti on notari [&hellip;]<\/p>\n","protected":false},"author":1,"featured_media":0,"parent":0,"menu_order":2,"comment_status":"closed","ping_status":"closed","template":"page-templates\/single-service.php","meta":{"footnotes":""},"class_list":["post-86","page","type-page","status-publish","hentry","clearfix"],"translation":{"provider":"WPGlobus","version":"3.0.2","language":"gb","enabled_languages":["ee","gb","ru"],"languages":{"ee":{"title":true,"content":true,"excerpt":false},"gb":{"title":false,"content":false,"excerpt":false},"ru":{"title":false,"content":false,"excerpt":false}}},"_links":{"self":[{"href":"https:\/\/notarsild.ee\/gb\/wp-json\/wp\/v2\/pages\/86","targetHints":{"allow":["GET"]}}],"collection":[{"href":"https:\/\/notarsild.ee\/gb\/wp-json\/wp\/v2\/pages"}],"about":[{"href":"https:\/\/notarsild.ee\/gb\/wp-json\/wp\/v2\/types\/page"}],"author":[{"embeddable":true,"href":"https:\/\/notarsild.ee\/gb\/wp-json\/wp\/v2\/users\/1"}],"replies":[{"embeddable":true,"href":"https:\/\/notarsild.ee\/gb\/wp-json\/wp\/v2\/comments?post=86"}],"version-history":[{"count":4,"href":"https:\/\/notarsild.ee\/gb\/wp-json\/wp\/v2\/pages\/86\/revisions"}],"predecessor-version":[{"id":576,"href":"https:\/\/notarsild.ee\/gb\/wp-json\/wp\/v2\/pages\/86\/revisions\/576"}],"wp:attachment":[{"href":"https:\/\/notarsild.ee\/gb\/wp-json\/wp\/v2\/media?parent=86"}],"curies":[{"name":"wp","href":"https:\/\/api.w.org\/{rel}","templated":true}]}}