{"id":88,"date":"2016-02-16T14:40:18","date_gmt":"2016-02-16T14:40:18","guid":{"rendered":"http:\/\/demo.athemes.com\/astrid\/?page_id=88"},"modified":"2017-06-20T19:23:27","modified_gmt":"2017-06-20T19:23:27","slug":"apostille","status":"publish","type":"page","link":"https:\/\/notarsild.ee\/gb\/apostille\/","title":{"rendered":"Apostille"},"content":{"rendered":"<p>Alates 01.01.2010.a v\u00e4ljastavad apostilli Eesti Vabariigi avalikele dokumentidele \u00fcksnes notarid. Notar ei saa kinnitada <em>apostille<\/em>\u00b4ga enda t\u00f5estatud v\u00f5i kinnitatud dokumenti.<\/p>\n<p>Apostill on tunnistus, millega kinnitatakse dokumendile alla kirjutanud isiku p\u00e4devust ning mis muudab \u00fche riigi siseriikliku avaliku dokumendi kasutatavaks v\u00e4lisriigis, mis on \u00fchinenud vastava rahvusvahelise konventsiooniga (\u00fchinenud riikide loetelu saab kontrollida konventsiooni kodulehelt <a href=\"http:\/\/www.hcch.net\/index_en.php?act=conventions.authorities&amp;cid=41\">http:\/\/www.hcch.net\/index_en.php?act=conventions.authorities&amp;cid=41<\/a>). Avalike dokumentide kasutamiseks riikides, mis ei ole konventsiooniga \u00fchinenud, tuleb dokumendid legaliseerida (legaliseerimise kohta saab t\u00e4iendavat infot Eesti Vabariigi V\u00e4lisministeeriumist <a href=\"http:\/\/www.vm.ee\/\">http:\/\/www.vm.ee<\/a>).<\/p>\n<p><em>Apostille<\/em> v\u00e4ljastamiseks tuleb notarile esitada <u>taotlus.<\/u> Dokument, mille kinnitamist <em>apostille<\/em>\u00b4ga soovitakse, tuleb tuua notarib\u00fcroosse v\u00f5i saata postiga. Kinnitada saab \u00fcksnes originaaldokumenti v\u00f5i selle ametlikult kinnitatud \u00e4rakirja, samuti v\u00e4ljav\u00f5tteid ja v\u00e4ljatr\u00fckki. Notariaalselt kinnitatud dokumentide koopiate apostillimisel ja originaaldokumendi <em>apostille<\/em>\u00b4ga kinnitamisel on erinevad tagaj\u00e4rjed. Kui dokumendist on tehtud notariaalselt kinnitatud koopia, saab<em> apostille<\/em>\u00b4ga kinnitada \u00fcksnes koopia kinnitanud notari p\u00e4devust, mitte enam dokumendi originaali v\u00e4ljaandja p\u00e4devust. \u00dcldreeglina on aga vaja apostilliga kinnitada siiski dokumendi originaali, et t\u00f5endada esmase dokumendi kehtivust ja selle allkirjastaja p\u00e4devust.<\/p>\n<p>Korrektse taotluse ja originaaldokumendi esitamisel on <em>apostille<\/em> reeglina v\u00f5imalik v\u00e4ljastada sama t\u00f6\u00f6p\u00e4eva jooksul, vanemate dokumentide kinnitamine v\u00f5ib veidi kauem aega v\u00f5tta. Taotluse ja kinnitatava dokumendi v\u00f5ib notarib\u00fcroosse esitada iga\u00fcks, selleks ei pea olema dokumendiga seotud isik.<\/p>\n<p><em>Apostille<\/em>\u00b4ga kinnitamise tasu on vastavalt notari tasu seadusele 22,35 eurot, millele lisandub k\u00e4ibemaks ja vajadusel postikulu.<\/p>\n<p>Lisainfot saab ka Notarite Koja kodulehelt <a href=\"http:\/\/www.notar.ee\/19886\">http:\/\/www.notar.ee\/19886<\/a>.<\/p>\n","protected":false},"excerpt":{"rendered":"<p>Alates 01.01.2010.a v\u00e4ljastavad apostilli Eesti Vabariigi avalikele dokumentidele \u00fcksnes notarid. Notar ei saa kinnitada apostille\u00b4ga enda t\u00f5estatud v\u00f5i kinnitatud dokumenti. Apostill on tunnistus, millega kinnitatakse dokumendile alla kirjutanud isiku p\u00e4devust ning mis muudab \u00fche riigi siseriikliku avaliku dokumendi kasutatavaks v\u00e4lisriigis, [&hellip;]<\/p>\n","protected":false},"author":1,"featured_media":0,"parent":0,"menu_order":5,"comment_status":"closed","ping_status":"closed","template":"page-templates\/single-service.php","meta":{"footnotes":""},"class_list":["post-88","page","type-page","status-publish","hentry","clearfix"],"translation":{"provider":"WPGlobus","version":"3.0.2","language":"gb","enabled_languages":["ee","gb","ru"],"languages":{"ee":{"title":true,"content":true,"excerpt":false},"gb":{"title":false,"content":false,"excerpt":false},"ru":{"title":false,"content":false,"excerpt":false}}},"_links":{"self":[{"href":"https:\/\/notarsild.ee\/gb\/wp-json\/wp\/v2\/pages\/88","targetHints":{"allow":["GET"]}}],"collection":[{"href":"https:\/\/notarsild.ee\/gb\/wp-json\/wp\/v2\/pages"}],"about":[{"href":"https:\/\/notarsild.ee\/gb\/wp-json\/wp\/v2\/types\/page"}],"author":[{"embeddable":true,"href":"https:\/\/notarsild.ee\/gb\/wp-json\/wp\/v2\/users\/1"}],"replies":[{"embeddable":true,"href":"https:\/\/notarsild.ee\/gb\/wp-json\/wp\/v2\/comments?post=88"}],"version-history":[{"count":3,"href":"https:\/\/notarsild.ee\/gb\/wp-json\/wp\/v2\/pages\/88\/revisions"}],"predecessor-version":[{"id":435,"href":"https:\/\/notarsild.ee\/gb\/wp-json\/wp\/v2\/pages\/88\/revisions\/435"}],"wp:attachment":[{"href":"https:\/\/notarsild.ee\/gb\/wp-json\/wp\/v2\/media?parent=88"}],"curies":[{"name":"wp","href":"https:\/\/api.w.org\/{rel}","templated":true}]}}