{"id":112,"date":"2016-02-16T15:04:11","date_gmt":"2016-02-16T15:04:11","guid":{"rendered":"http:\/\/demo.athemes.com\/astrid\/?page_id=112"},"modified":"2017-06-20T19:23:20","modified_gmt":"2017-06-20T19:23:20","slug":"deposiidi-kasutamine","status":"publish","type":"page","link":"https:\/\/notarsild.ee\/ru\/deposiidi-kasutamine\/","title":{"rendered":"Deposiidi kasutamine"},"content":{"rendered":"<p>Notari deposiidikonto on tehingutega seotud raha (ostuhind, laenusumma jms) hoiustamiseks. Deposiidikontol olevad vahendid ei kuulu notarile (s.h ei kuulu notari p\u00e4randvara ega pankrotivara hulka).<\/p>\n<p>Isik, kelle kontolt raha notari deposiiti kanti, peab notariaalakti <strong>t\u00f5estamisel osalema v\u00f5i<\/strong> tegema notariaalselt <strong>kinnitatud hoiustamisavalduse<\/strong>. Kuni hoiustaja ei ole teinud avaldust hoisutatud raha kasutamise kohta, kuulub hoiustatud raha isikule, kelle kontolt see notari deposiiti kanti.<\/p>\n","protected":false},"excerpt":{"rendered":"<p>Notari deposiidikonto on tehingutega seotud raha (ostuhind, laenusumma jms) hoiustamiseks. Deposiidikontol olevad vahendid ei kuulu notarile (s.h ei kuulu notari p\u00e4randvara ega pankrotivara hulka). Isik, kelle kontolt raha notari deposiiti kanti, peab notariaalakti t\u00f5estamisel osalema v\u00f5i tegema notariaalselt kinnitatud hoiustamisavalduse. [&hellip;]<\/p>\n","protected":false},"author":1,"featured_media":0,"parent":0,"menu_order":4,"comment_status":"closed","ping_status":"closed","template":"page-templates\/single-service.php","meta":{"footnotes":""},"class_list":["post-112","page","type-page","status-publish","hentry","clearfix"],"translation":{"provider":"WPGlobus","version":"3.0.2","language":"ru","enabled_languages":["ee","gb","ru"],"languages":{"ee":{"title":true,"content":true,"excerpt":false},"gb":{"title":false,"content":false,"excerpt":false},"ru":{"title":false,"content":false,"excerpt":false}}},"_links":{"self":[{"href":"https:\/\/notarsild.ee\/ru\/wp-json\/wp\/v2\/pages\/112","targetHints":{"allow":["GET"]}}],"collection":[{"href":"https:\/\/notarsild.ee\/ru\/wp-json\/wp\/v2\/pages"}],"about":[{"href":"https:\/\/notarsild.ee\/ru\/wp-json\/wp\/v2\/types\/page"}],"author":[{"embeddable":true,"href":"https:\/\/notarsild.ee\/ru\/wp-json\/wp\/v2\/users\/1"}],"replies":[{"embeddable":true,"href":"https:\/\/notarsild.ee\/ru\/wp-json\/wp\/v2\/comments?post=112"}],"version-history":[{"count":4,"href":"https:\/\/notarsild.ee\/ru\/wp-json\/wp\/v2\/pages\/112\/revisions"}],"predecessor-version":[{"id":558,"href":"https:\/\/notarsild.ee\/ru\/wp-json\/wp\/v2\/pages\/112\/revisions\/558"}],"wp:attachment":[{"href":"https:\/\/notarsild.ee\/ru\/wp-json\/wp\/v2\/media?parent=112"}],"curies":[{"name":"wp","href":"https:\/\/api.w.org\/{rel}","templated":true}]}}