{"id":2,"date":"2017-05-20T17:23:46","date_gmt":"2017-05-20T17:23:46","guid":{"rendered":"https:\/\/notarsild.ee\/?page_id=2"},"modified":"2019-01-02T09:03:25","modified_gmt":"2019-01-02T09:03:25","slug":"about","status":"publish","type":"page","link":"https:\/\/notarsild.ee\/ru\/about\/","title":{"rendered":"Notarib\u00fcroo"},"content":{"rendered":"<p>Tallinna notar <strong>Triin Sild<\/strong> nimetati justiitsministri poolt ametisse 16. septembril 2005.a ning jaanuaris 2006.a avas notarib\u00fcroo aadressil Tartu mnt 14, Tallinn (hiljem on b\u00fcroo tegutsenud ka aadressidel Kreutzwaldi 12, ja Maakri 23a).<\/p>\n<p>Meie notarib\u00fcroo eesm\u00e4rgiks on pakkuda klientidele personaalset ja vahetut l\u00e4henemist ning kliendi vajadustest l\u00e4htuvat teenindust. Olete oodatud meie b\u00fcroosse mitte ainult lepingute s\u00f5lmimiseks ja tahteavalduste tegemiseks vaid ka selleks, et saada \u00f5igusalast konsultatsiooni tsiviil\u00f5iguse valdkonnas.<\/p>\n<p>Notarib\u00fcroosse on v\u00f5imalik registreerida ennast vastuv\u00f5tule kas telefonil 666 2424, \u00a0\u00a056\u00a066 1052 v\u00f5i e-posti aadressil info@notarsild.ee.<\/p>\n<p>B\u00fcroo on avatud j\u00e4rgmistel aegadel:<\/p>\n<p><strong>E, T, K, N <\/strong>\u00a0\u00a0\u00a0\u00a0 09.00-17.00<br \/>\n<strong>R<\/strong> \u00a0\u00a0\u00a0\u00a0\u00a0\u00a0 \u00a0\u00a0\u00a0\u00a0\u00a0\u00a0\u00a0\u00a0\u00a0\u00a0\u00a0 09.00-16.00<\/p>\n","protected":false},"excerpt":{"rendered":"<p>Tallinna notar Triin Sild nimetati justiitsministri poolt ametisse 16. septembril 2005.a ning jaanuaris 2006.a avas notarib\u00fcroo aadressil Tartu mnt 14, Tallinn (hiljem on b\u00fcroo tegutsenud ka aadressidel Kreutzwaldi 12, ja Maakri 23a). Meie notarib\u00fcroo eesm\u00e4rgiks on pakkuda klientidele personaalset ja [&hellip;]<\/p>\n","protected":false},"author":1,"featured_media":0,"parent":0,"menu_order":0,"comment_status":"open","ping_status":"open","template":"","meta":{"footnotes":""},"class_list":["post-2","page","type-page","status-publish","hentry","clearfix"],"translation":{"provider":"WPGlobus","version":"3.0.2","language":"ru","enabled_languages":["ee","gb","ru"],"languages":{"ee":{"title":true,"content":true,"excerpt":false},"gb":{"title":false,"content":false,"excerpt":false},"ru":{"title":false,"content":false,"excerpt":false}}},"_links":{"self":[{"href":"https:\/\/notarsild.ee\/ru\/wp-json\/wp\/v2\/pages\/2","targetHints":{"allow":["GET"]}}],"collection":[{"href":"https:\/\/notarsild.ee\/ru\/wp-json\/wp\/v2\/pages"}],"about":[{"href":"https:\/\/notarsild.ee\/ru\/wp-json\/wp\/v2\/types\/page"}],"author":[{"embeddable":true,"href":"https:\/\/notarsild.ee\/ru\/wp-json\/wp\/v2\/users\/1"}],"replies":[{"embeddable":true,"href":"https:\/\/notarsild.ee\/ru\/wp-json\/wp\/v2\/comments?post=2"}],"version-history":[{"count":5,"href":"https:\/\/notarsild.ee\/ru\/wp-json\/wp\/v2\/pages\/2\/revisions"}],"predecessor-version":[{"id":693,"href":"https:\/\/notarsild.ee\/ru\/wp-json\/wp\/v2\/pages\/2\/revisions\/693"}],"wp:attachment":[{"href":"https:\/\/notarsild.ee\/ru\/wp-json\/wp\/v2\/media?parent=2"}],"curies":[{"name":"wp","href":"https:\/\/api.w.org\/{rel}","templated":true}]}}